{"id":98,"date":"2018-07-09T04:30:31","date_gmt":"2018-07-09T07:30:31","guid":{"rendered":"http:\/\/es.estudosbiblicos.org\/embed-link\/"},"modified":"2026-02-22T11:07:23","modified_gmt":"2026-02-22T14:07:23","slug":"mapa-del-sitio","status":"publish","type":"page","link":"https:\/\/estudobiblico.org\/es\/mapa-del-sitio\/","title":{"rendered":"Mapa del sitio"},"content":{"rendered":"<p><img loading=\"lazy\" decoding=\"async\" class=\"size-medium wp-image-2369 aligncenter\" src=\"https:\/\/estudobiblico.org\/wp-content\/uploads\/2018\/02\/sitemap-estudos-biblicos-300x134.jpg\" alt=\"\" width=\"300\" height=\"134\" \/><\/p>\n<h2 style=\"text-align: center;\"><span style=\"text-decoration: underline;\"><strong>Art\u00edculos y estudios del Portal Estudios B\u00edblicos<\/strong><\/span><\/h2>\n<p style=\"text-align: center;\">Encuentre todos los art\u00edculos disponibles en su Portal Estudios B\u00edblicos Teol\u00f3gicos Evang\u00e9licos.<\/p>\n<p>\u00a1Descubra su nuevo destino para estudios b\u00edblicos profundos y transformadores! Nuestro sitio ofrece m\u00e1s de 500 art\u00edculos y estudios b\u00edblicos completos que est\u00e1n a su disposici\u00f3n, totalmente gratuitos y libres de cualquier interferencia denominacional.<\/p>\n<p>Si es un predicador en busca de inspiraci\u00f3n para sus sermones, un maestro preparando lecciones impactantes o un principiante en la lectura de la Biblia, aqu\u00ed encontrar\u00e1 recursos organizados por temas para facilitar su aprendizaje y estudio.<\/p>\n<p>Navegue por comentarios b\u00edblicos detallados, explore lecciones b\u00edblicas pr\u00e1cticas y profundice su comprensi\u00f3n de las Escrituras con estudios organizados de forma clara y accesible. Nuestros materiales abarcan una amplia gama de libros b\u00edblicos y temas relevantes, dise\u00f1ados para ayudarle a comprender mejor la Palabra de Dios y a aplicarla en su vida y ministerio.<\/p>\n<p>Ya sea para una meditaci\u00f3n personal o para enriquecer su pr\u00f3ximo serm\u00f3n, encontrar\u00e1 todo lo que necesita en un solo lugar. Venga a explorar, aprender y crecer en la fe con nosotros.<\/p>\n<p>La Palabra de Dios a su alcance, de forma clara, accesible y sin barreras.<\/p>\n<p>&nbsp;<\/p>\n<div class=\"rank-math-html-sitemap\"><div class=\"rank-math-html-sitemap__section rank-math-html-sitemap__section--post-type rank-math-html-sitemap__section--post\"><h2 class=\"rank-math-html-sitemap__title\">Entradas<\/h2><ul class=\"rank-math-html-sitemap__list\"><li class=\"rank-math-html-sitemap__item\"><a href=\"https:\/\/estudobiblico.org\/es\/jesus-nacio-para-obedecer-en-contraste-con-la-desobediencia-de-adan\/\" class=\"rank-math-html-sitemap__link\">Jes\u00fas naci\u00f3 para obedecer en contraste con la desobediencia de Ad\u00e1n<\/a> <span class=\"rank-math-html-sitemap__date\">(1 de marzo de 2026)<\/span><\/li><li class=\"rank-math-html-sitemap__item\"><a href=\"https:\/\/estudobiblico.org\/es\/la-estructura-argumentativa-del-sermon-del-monte-una-exposicion-teologica-de-mateo-5-7\/\" class=\"rank-math-html-sitemap__link\">La Estructura Argumentativa del Serm\u00f3n del Monte: Una Exposici\u00f3n Teol\u00f3gica de Mateo 5\u20137<\/a> <span class=\"rank-math-html-sitemap__date\">(24 de febrero de 2026)<\/span><\/li><li class=\"rank-math-html-sitemap__item\"><a href=\"https:\/\/estudobiblico.org\/es\/la-parabola-de-las-diez-virgenes\/\" class=\"rank-math-html-sitemap__link\">La par\u00e1bola de las Diez V\u00edrgenes<\/a> <span class=\"rank-math-html-sitemap__date\">(21 de julio de 2025)<\/span><\/li><li class=\"rank-math-html-sitemap__item\"><a href=\"https:\/\/estudobiblico.org\/es\/seria-coherente-salvar-a-quien-nunca-se-perdio\/\" class=\"rank-math-html-sitemap__link\">\u00bfSer\u00eda Coherente Salvar a Quien Nunca se Perdi\u00f3?<\/a> <span class=\"rank-math-html-sitemap__date\">(17 de enero de 2025)<\/span><\/li><li class=\"rank-math-html-sitemap__item\"><a href=\"https:\/\/estudobiblico.org\/es\/joel-3-promesa-de-redencion\/\" class=\"rank-math-html-sitemap__link\">Joel 3 \u2013 Promesa de redenci\u00f3n<\/a> <span class=\"rank-math-html-sitemap__date\">(27 de enero de 2022)<\/span><\/li><li class=\"rank-math-html-sitemap__item\"><a href=\"https:\/\/estudobiblico.org\/es\/descargar\/\" class=\"rank-math-html-sitemap__link\">descargar<\/a> <span class=\"rank-math-html-sitemap__date\">(10 de enero de 2022)<\/span><\/li><li class=\"rank-math-html-sitemap__item\"><a href=\"https:\/\/estudobiblico.org\/es\/amor\/\" class=\"rank-math-html-sitemap__link\">La Obra qu\u00e9 demonstrar Amor el Dios<\/a> <span class=\"rank-math-html-sitemap__date\">(21 de agosto de 2021)<\/span><\/li><li class=\"rank-math-html-sitemap__item\"><a href=\"https:\/\/estudobiblico.org\/es\/por-tus-pecados\/\" class=\"rank-math-html-sitemap__link\">Por tus pecados<\/a> <span class=\"rank-math-html-sitemap__date\">(20 de marzo de 2021)<\/span><\/li><li class=\"rank-math-html-sitemap__item\"><a href=\"https:\/\/estudobiblico.org\/es\/la-mujer-samaritana\/\" class=\"rank-math-html-sitemap__link\">La mujer samaritana<\/a> <span class=\"rank-math-html-sitemap__date\">(23 de febrero de 2021)<\/span><\/li><li class=\"rank-math-html-sitemap__item\"><a href=\"https:\/\/estudobiblico.org\/es\/la-epistola-de-santiago\/\" class=\"rank-math-html-sitemap__link\">La ep\u00edstola de Santiago<\/a> <span class=\"rank-math-html-sitemap__date\">(5 de febrero de 2021)<\/span><\/li><li class=\"rank-math-html-sitemap__item\"><a href=\"https:\/\/estudobiblico.org\/es\/que-maria-derramo-perfume-sobre-los-pies-de-jesus\/\" class=\"rank-math-html-sitemap__link\">\u00bfQu\u00e9 Mar\u00eda derram\u00f3 perfume sobre los pies de Jes\u00fas?<\/a> <span class=\"rank-math-html-sitemap__date\">(29 de enero de 2021)<\/span><\/li><li class=\"rank-math-html-sitemap__item\"><a href=\"https:\/\/estudobiblico.org\/es\/padres-hijos-y-la-iglesia\/\" class=\"rank-math-html-sitemap__link\">Padres, hijos y la iglesia<\/a> <span class=\"rank-math-html-sitemap__date\">(29 de enero de 2021)<\/span><\/li><li class=\"rank-math-html-sitemap__item\"><a href=\"https:\/\/estudobiblico.org\/es\/victoria-sobre-el-mundo\/\" class=\"rank-math-html-sitemap__link\">Victoria sobre el mundo<\/a> <span class=\"rank-math-html-sitemap__date\">(23 de enero de 2021)<\/span><\/li><li class=\"rank-math-html-sitemap__item\"><a href=\"https:\/\/estudobiblico.org\/es\/los-justos-viviran-de-la-fe\/\" class=\"rank-math-html-sitemap__link\">Los justos vivir\u00e1n de la fe<\/a> <span class=\"rank-math-html-sitemap__date\">(17 de enero de 2021)<\/span><\/li><li class=\"rank-math-html-sitemap__item\"><a href=\"https:\/\/estudobiblico.org\/es\/la-mujer-cananeiea\/\" class=\"rank-math-html-sitemap__link\">La mujer cananeiea<\/a> <span class=\"rank-math-html-sitemap__date\">(21 de diciembre de 2020)<\/span><\/li><li class=\"rank-math-html-sitemap__item\"><a href=\"https:\/\/estudobiblico.org\/es\/nacer-del-agua-y-el-espiritu\/\" class=\"rank-math-html-sitemap__link\">Nacer del agua y el Esp\u00edritu<\/a> <span class=\"rank-math-html-sitemap__date\">(21 de diciembre de 2020)<\/span><\/li><li class=\"rank-math-html-sitemap__item\"><a href=\"https:\/\/estudobiblico.org\/es\/el-verdadero-reposo\/\" class=\"rank-math-html-sitemap__link\">El verdadero reposo<\/a> <span class=\"rank-math-html-sitemap__date\">(19 de diciembre de 2020)<\/span><\/li><li class=\"rank-math-html-sitemap__item\"><a href=\"https:\/\/estudobiblico.org\/es\/como-uso-david-la-palabra-justificacion\/\" class=\"rank-math-html-sitemap__link\">C\u00f3mo us\u00f3 David la palabra &quot;justificaci\u00f3n&quot;<\/a> <span class=\"rank-math-html-sitemap__date\">(16 de diciembre de 2020)<\/span><\/li><li class=\"rank-math-html-sitemap__item\"><a href=\"https:\/\/estudobiblico.org\/es\/que-es-la-justificacion\/\" class=\"rank-math-html-sitemap__link\">-\u00bfQu\u00e9 es la Justificaci\u00f3n?<\/a> <span class=\"rank-math-html-sitemap__date\">(3 de octubre de 2020)<\/span><\/li><li class=\"rank-math-html-sitemap__item\"><a href=\"https:\/\/estudobiblico.org\/es\/dios-es-justo-y-justifica\/\" class=\"rank-math-html-sitemap__link\">Dios es justo y justifica<\/a> <span class=\"rank-math-html-sitemap__date\">(3 de octubre de 2020)<\/span><\/li><li class=\"rank-math-html-sitemap__item\"><a href=\"https:\/\/estudobiblico.org\/es\/no-hay-condenacion-para-los-que-estan-en-cristo\/\" class=\"rank-math-html-sitemap__link\">No hay condenaci\u00f3n para los que est\u00e1n en Cristo<\/a> <span class=\"rank-math-html-sitemap__date\">(23 de octubre de 2019)<\/span><\/li><li class=\"rank-math-html-sitemap__item\"><a href=\"https:\/\/estudobiblico.org\/es\/el-libro-de-job-el-problema-del-sufrimiento\/\" class=\"rank-math-html-sitemap__link\">El libro de Job \u2013 el problema del sufrimiento<\/a> <span class=\"rank-math-html-sitemap__date\">(4 de marzo de 2019)<\/span><\/li><li class=\"rank-math-html-sitemap__item\"><a href=\"https:\/\/estudobiblico.org\/es\/cual-es-el-proposito-del-libro-de-job\/\" class=\"rank-math-html-sitemap__link\">\u00bfCu\u00e1l es El prop\u00f3sito \u00a0Del libro de Job?<\/a> <span class=\"rank-math-html-sitemap__date\">(4 de marzo de 2019)<\/span><\/li><li class=\"rank-math-html-sitemap__item\"><a href=\"https:\/\/estudobiblico.org\/es\/la-perdicion-y-la-salvacion-estan-ligadas-a-los-caminos-no-a-los-hombres\/\" class=\"rank-math-html-sitemap__link\">La perdici\u00f3n y la salvaci\u00f3n est\u00e1n ligadas a los caminos, no a los hombres<\/a> <span class=\"rank-math-html-sitemap__date\">(21 de noviembre de 2017)<\/span><\/li><li class=\"rank-math-html-sitemap__item\"><a href=\"https:\/\/estudobiblico.org\/es\/salmo-91-el-que-habita-en-el-lugar-secreto-del-altisimo\/\" class=\"rank-math-html-sitemap__link\">Salmo 91 - el que habita en el lugar secreto del alt\u00edsimo<\/a> <span class=\"rank-math-html-sitemap__date\">(20 de noviembre de 2017)<\/span><\/li><li class=\"rank-math-html-sitemap__item\"><a href=\"https:\/\/estudobiblico.org\/es\/el-plan-que-el-padre-no-planto\/\" class=\"rank-math-html-sitemap__link\">El plan que El Padre no plant\u00f3<\/a> <span class=\"rank-math-html-sitemap__date\">(26 de octubre de 2017)<\/span><\/li><li class=\"rank-math-html-sitemap__item\"><a href=\"https:\/\/estudobiblico.org\/es\/arrepentimiento\/\" class=\"rank-math-html-sitemap__link\">Arrepentimiento<\/a> <span class=\"rank-math-html-sitemap__date\">(26 de octubre de 2017)<\/span><\/li><li class=\"rank-math-html-sitemap__item\"><a href=\"https:\/\/estudobiblico.org\/es\/el-tiempo-de-salvacion\/\" class=\"rank-math-html-sitemap__link\">El tiempo de Salvaci\u00f3n<\/a> <span class=\"rank-math-html-sitemap__date\">(26 de octubre de 2017)<\/span><\/li><li class=\"rank-math-html-sitemap__item\"><a href=\"https:\/\/estudobiblico.org\/es\/la-gracia-increible\/\" class=\"rank-math-html-sitemap__link\">La gracia incre\u00edble<\/a> <span class=\"rank-math-html-sitemap__date\">(26 de octubre de 2017)<\/span><\/li><li class=\"rank-math-html-sitemap__item\"><a href=\"https:\/\/estudobiblico.org\/es\/usted-realmente-salvo\/\" class=\"rank-math-html-sitemap__link\">Usted realmente salvo?<\/a> <span class=\"rank-math-html-sitemap__date\">(26 de octubre de 2017)<\/span><\/li><li class=\"rank-math-html-sitemap__item\"><a href=\"https:\/\/estudobiblico.org\/es\/por-que-dios-puso-el-arbol-del-conocimiento-del-bien-y-del-mal-en-medio-del-huerto\/\" class=\"rank-math-html-sitemap__link\">\u00bfPor qu\u00e9 Dios puso el \u00e1rbol del conocimiento del bien y del mal en medio del huerto?<\/a> <span class=\"rank-math-html-sitemap__date\">(26 de octubre de 2017)<\/span><\/li><li class=\"rank-math-html-sitemap__item\"><a href=\"https:\/\/estudobiblico.org\/es\/predestinacion\/\" class=\"rank-math-html-sitemap__link\">Predestinaci\u00f3n<\/a> <span class=\"rank-math-html-sitemap__date\">(26 de octubre de 2017)<\/span><\/li><li class=\"rank-math-html-sitemap__item\"><a href=\"https:\/\/estudobiblico.org\/es\/el-origen-de-satanas-el-padre-de-la-mentira\/\" class=\"rank-math-html-sitemap__link\">El origen de Satan\u00e1s, el &quot;padre de la mentira&quot;<\/a> <span class=\"rank-math-html-sitemap__date\">(26 de octubre de 2017)<\/span><\/li><li class=\"rank-math-html-sitemap__item\"><a href=\"https:\/\/estudobiblico.org\/es\/porque-dios-es-bueno\/\" class=\"rank-math-html-sitemap__link\">Porque Dios es bueno?<\/a> <span class=\"rank-math-html-sitemap__date\">(26 de octubre de 2017)<\/span><\/li><li class=\"rank-math-html-sitemap__item\"><a href=\"https:\/\/estudobiblico.org\/es\/generacion-de-elegido\/\" class=\"rank-math-html-sitemap__link\">Generaci\u00f3n de elegido<\/a> <span class=\"rank-math-html-sitemap__date\">(26 de octubre de 2017)<\/span><\/li><li class=\"rank-math-html-sitemap__item\"><a href=\"https:\/\/estudobiblico.org\/es\/la-creacion-del-hombre-y-la-encarnacion-de-cristo\/\" class=\"rank-math-html-sitemap__link\">La creaci\u00f3n del hombre y la encarnaci\u00f3n de Cristo<\/a> <span class=\"rank-math-html-sitemap__date\">(26 de octubre de 2017)<\/span><\/li><\/ul><\/div><div class=\"rank-math-html-sitemap__section rank-math-html-sitemap__section--post-type rank-math-html-sitemap__section--page\"><h2 class=\"rank-math-html-sitemap__title\">P\u00e1ginas<\/h2><ul class=\"rank-math-html-sitemap__list\"><li class=\"rank-math-html-sitemap__item\"><a href=\"https:\/\/estudobiblico.org\/es\/blog\/\" class=\"rank-math-html-sitemap__link\">Blog<\/a> <span class=\"rank-math-html-sitemap__date\">(22 de febrero de 2026)<\/span><\/li><li class=\"rank-math-html-sitemap__item\"><a href=\"https:\/\/estudobiblico.org\/es\/\" class=\"rank-math-html-sitemap__link\">Estudios B\u00edblicos<\/a> <span class=\"rank-math-html-sitemap__date\">(22 de febrero de 2026)<\/span><\/li><li class=\"rank-math-html-sitemap__item\"><a href=\"https:\/\/estudobiblico.org\/es\/mapa-del-sitio\/\" class=\"rank-math-html-sitemap__link\">Mapa del sitio<\/a> <span class=\"rank-math-html-sitemap__date\">(9 de julio de 2018)<\/span><\/li><\/ul><\/div><div class=\"rank-math-html-sitemap__section rank-math-html-sitemap__section--taxonomy rank-math-html-sitemap__section--category\"><h2 class=\"rank-math-html-sitemap__title\">Categor\u00edas<\/h2><ul class=\"rank-math-html-sitemap__list\"><li class=\"rank-math-html-sitemap__item\"><a href=\"https:\/\/estudobiblico.org\/es\/antiguo-testamento\/\" class=\"rank-math-html-sitemap__link\">Antiguo Testamento<\/a><\/li><li class=\"rank-math-html-sitemap__item\"><a href=\"https:\/\/estudobiblico.org\/es\/arrepentimiento\/\" class=\"rank-math-html-sitemap__link\">Arrepentimiento<\/a><\/li><li class=\"rank-math-html-sitemap__item\"><a href=\"https:\/\/estudobiblico.org\/es\/comportamiento\/\" class=\"rank-math-html-sitemap__link\">comportamiento<\/a><\/li><li class=\"rank-math-html-sitemap__item\"><a href=\"https:\/\/estudobiblico.org\/es\/critica\/\" class=\"rank-math-html-sitemap__link\">Cr\u00edtica<\/a><\/li><li class=\"rank-math-html-sitemap__item\"><a href=\"https:\/\/estudobiblico.org\/es\/el-libro-de-job\/\" class=\"rank-math-html-sitemap__link\">El libro de Job<\/a><\/li><li class=\"rank-math-html-sitemap__item\"><a href=\"https:\/\/estudobiblico.org\/es\/interpretacion\/\" class=\"rank-math-html-sitemap__link\">interpretaci\u00f3n<\/a><\/li><li class=\"rank-math-html-sitemap__item\"><a href=\"https:\/\/estudobiblico.org\/es\/justificacion\/\" class=\"rank-math-html-sitemap__link\">justificaci\u00f3n<\/a><\/li><li class=\"rank-math-html-sitemap__item\"><a href=\"https:\/\/estudobiblico.org\/es\/libro\/\" class=\"rank-math-html-sitemap__link\">libro<\/a><\/li><li class=\"rank-math-html-sitemap__item\"><a href=\"https:\/\/estudobiblico.org\/es\/milagros\/\" class=\"rank-math-html-sitemap__link\">Milagros<\/a><\/li><li class=\"rank-math-html-sitemap__item\"><a href=\"https:\/\/estudobiblico.org\/es\/nuevo-testamento\/\" class=\"rank-math-html-sitemap__link\">Nuevo Testamento<\/a><\/li><li class=\"rank-math-html-sitemap__item\"><a href=\"https:\/\/estudobiblico.org\/es\/parabola\/\" class=\"rank-math-html-sitemap__link\">Par\u00e1bola<\/a><\/li><li class=\"rank-math-html-sitemap__item\"><a href=\"https:\/\/estudobiblico.org\/es\/pecado\/\" class=\"rank-math-html-sitemap__link\">pecado<\/a><\/li><li class=\"rank-math-html-sitemap__item\"><a href=\"https:\/\/estudobiblico.org\/es\/predestinacion\/\" class=\"rank-math-html-sitemap__link\">Predestinaci\u00f3n<\/a><\/li><li class=\"rank-math-html-sitemap__item\"><a href=\"https:\/\/estudobiblico.org\/es\/salmos\/\" class=\"rank-math-html-sitemap__link\">Salmos<\/a><\/li><li class=\"rank-math-html-sitemap__item\"><a href=\"https:\/\/estudobiblico.org\/es\/salvacion\/\" class=\"rank-math-html-sitemap__link\">Salvaci\u00f3n<\/a><\/li><li class=\"rank-math-html-sitemap__item\"><a href=\"https:\/\/estudobiblico.org\/es\/sem-categoria\/\" class=\"rank-math-html-sitemap__link\">Sem categoria<\/a><\/li><\/ul><\/div><\/div>\n","protected":false},"excerpt":{"rendered":"<p>Sitemap para Estudios B\u00edblicos, lecciones b\u00edblicas, comentario b\u00edblico, estudios b\u00edblicos evang\u00e9licos organizados por temas, libros b\u00edblicos y que abordan diversos temas y que pueden ayudar a oradores y predicadores en la composici\u00f3n de sus sermones, y a los principiantes en la lectura de la Biblia.<\/p>\n","protected":false},"author":1,"featured_media":0,"parent":0,"menu_order":0,"comment_status":"closed","ping_status":"closed","template":"","meta":{"_acf_changed":false,"footnotes":""},"class_list":["post-98","page","type-page","status-publish","hentry"],"acf":[],"_links":{"self":[{"href":"https:\/\/estudobiblico.org\/es\/wp-json\/wp\/v2\/pages\/98","targetHints":{"allow":["GET"]}}],"collection":[{"href":"https:\/\/estudobiblico.org\/es\/wp-json\/wp\/v2\/pages"}],"about":[{"href":"https:\/\/estudobiblico.org\/es\/wp-json\/wp\/v2\/types\/page"}],"author":[{"embeddable":true,"href":"https:\/\/estudobiblico.org\/es\/wp-json\/wp\/v2\/users\/1"}],"replies":[{"embeddable":true,"href":"https:\/\/estudobiblico.org\/es\/wp-json\/wp\/v2\/comments?post=98"}],"version-history":[{"count":0,"href":"https:\/\/estudobiblico.org\/es\/wp-json\/wp\/v2\/pages\/98\/revisions"}],"wp:attachment":[{"href":"https:\/\/estudobiblico.org\/es\/wp-json\/wp\/v2\/media?parent=98"}],"curies":[{"name":"wp","href":"https:\/\/api.w.org\/{rel}","templated":true}]}}